{"id":1351,"date":"2022-11-04T19:04:43","date_gmt":"2022-11-04T19:04:43","guid":{"rendered":"https:\/\/mistertwister.ca\/?page_id=1351"},"modified":"2023-10-12T10:26:55","modified_gmt":"2023-10-12T14:26:55","slug":"a-propos","status":"publish","type":"page","link":"https:\/\/mistertwister.ca\/fr\/a-propos\/","title":{"rendered":"\u00c0 propos"},"content":{"rendered":"<div class=\"nicepage-container\"><div class=\"\" style=\"\" >        <script>\n            (function ($) {\n                var ResponsiveCms = window.ResponsiveCms;\n                if (!ResponsiveCms) {\n                    return;\n                }\n                ResponsiveCms.contentDom = $('script:last').parent();\n                ResponsiveCms.prevMode = \"XL\";\n\n                if (typeof ResponsiveCms.recalcClasses === 'function') {\n                    ResponsiveCms.recalcClasses();\n                }\n            })(jQuery);\n        <\/script>\n        \n    \n    <section class=\"u-align-center u-clearfix u-image u-shading u-section-2\" src=\"\" data-image-width=\"1920\" data-image-height=\"1080\" id=\"sec-33c4\" style=\"background-image: linear-gradient(0deg, rgba(0, 0, 0, 0.2), rgba(0, 0, 0, 0.2)), url(&quot;https:\/\/mistertwister.ca\/wp-content\/uploads\/2023\/02\/car1-twi.jpg&quot;);\">\n      <div class=\"u-clearfix u-sheet u-valign-middle-lg u-valign-middle-md u-sheet-1\">\n        <h1 class=\"u-align-center-lg u-align-center-md u-align-center-sm u-align-center-xs u-text u-text-white u-title u-text-1\">\u00c0 propos<\/h1>\n        <h6 class=\"u-text u-text-2\"> il y a un leurre Mister Twister pour toute esp\u00e8ce de poisson <\/h6>\n      <\/div>\n    <\/section>\n    <section class=\"u-clearfix u-white u-section-3\" id=\"sec-e46f\">\n      <div class=\"u-clearfix u-sheet u-sheet-1\"><\/div>\n    <\/section>\n    <section class=\"u-clearfix u-section-4\" id=\"sec-0d5b\">\n      <div class=\"u-clearfix u-expanded-width u-gutter-10 u-layout-wrap u-layout-wrap-1\">\n        <div class=\"u-layout\" style=\"\">\n          <div class=\"u-layout-row\" style=\"\">\n            <div class=\"u-align-left u-container-style u-image u-layout-cell u-left-cell u-size-30 u-size-xs-60 u-image-1\" src=\"\" data-image-width=\"2000\" data-image-height=\"1143\" data-animation-name=\"customAnimationIn\" data-animation-duration=\"1000\" style=\"background-image: url(&quot;https:\/\/mistertwister.ca\/wp-content\/uploads\/2023\/02\/CAr2-twi.jpg&quot;);\">\n              <div class=\"u-container-layout u-valign-middle u-container-layout-1\" src=\"\"><\/div>\n            <\/div>\n            <div class=\"u-align-left u-container-style u-layout-cell u-right-cell u-size-30 u-size-xs-60 u-white u-layout-cell-2\">\n              <div class=\"u-container-layout u-valign-middle u-container-layout-2\">\n                <h2 class=\"u-text u-text-custom-color-1 u-text-default u-text-1\" data-animation-name=\"customAnimationIn\" data-animation-duration=\"1000\"> Mister Twister a r\u00e9volutionn\u00e9 le monde des leurres souples avec la cr\u00e9ation du \u00abCurly Tail\u00bb.&nbsp;<\/h2>\n                <p class=\"u-text u-text-black u-text-2\" data-animation-name=\"customAnimationIn\" data-animation-duration=\"1000\">Pratiquement tous les fabricants de leurres souples de la plan\u00e8te offrent leur version de ce concept.&nbsp; Depuis plus de 40 ans, ses mouvements naturels en ont fait le favori des p\u00eacheurs.&nbsp;Les leurres de Mister Twister sont con\u00e7us pour \u00eatre souples mais tr\u00e8s r\u00e9sistants.<br>\n                  <br>\u00c7a semble simple, mais trop souvent, les copies sont soit trop souples soit trop dures.&nbsp; Lorsque trop souple, le leurre se d\u00e9chire \u00e0 la premi\u00e8re touche.&nbsp; Lorsqu\u2019il est trop rigide, il peut durer\u2026&nbsp;car il ne se fait pas mordre! Mister Twister est pass\u00e9 ma\u00eetre en la mati\u00e8re apr\u00e8s 40 ans et son concept est reconnu mondialement\u2026 il est apr\u00e8s tout l\u2019original!!\n                <\/p>\n              <\/div>\n            <\/div>\n          <\/div>\n        <\/div>\n      <\/div>\n    <\/section>\n    <section class=\"u-align-center u-clearfix u-section-5\" id=\"sec-6014\">\n      <div class=\"u-clearfix u-sheet u-sheet-1\">\n        <div class=\"u-expanded-width u-gallery u-layout-grid u-lightbox u-show-text-on-hover u-gallery-1\">\n          <div class=\"u-gallery-inner u-gallery-inner-1\">\n            <div class=\"u-effect-fade u-gallery-item\">\n              <div class=\"u-back-slide\" data-image-width=\"1300\" data-image-height=\"1799\">\n                <img decoding=\"async\" class=\"u-back-image u-expanded\" src=\"https:\/\/mistertwister.ca\/wp-content\/uploads\/2023\/02\/Fool-All-The-Fish-Sassy-Shad.jpg\">\n              <\/div>\n              <div class=\"u-over-slide u-shading u-over-slide-1\"><\/div>\n            <\/div>\n            <div class=\"u-effect-fade u-gallery-item\">\n              <div class=\"u-back-slide\" data-image-width=\"1369\" data-image-height=\"2246\">\n                <img decoding=\"async\" class=\"u-back-image u-expanded\" src=\"https:\/\/mistertwister.ca\/wp-content\/uploads\/2023\/02\/Panfish-Predators-Panfish-Lures.jpg\">\n              <\/div>\n              <div class=\"u-over-slide u-shading u-over-slide-2\"><\/div>\n            <\/div>\n            <div class=\"u-effect-fade u-gallery-item\">\n              <div class=\"u-back-slide\" data-image-width=\"1736\" data-image-height=\"2240\">\n                <img decoding=\"async\" class=\"u-back-image u-expanded\" src=\"https:\/\/mistertwister.ca\/wp-content\/uploads\/2023\/02\/Living-Colors-Bloodline-Colors.jpg\">\n              <\/div>\n              <div class=\"u-over-slide u-shading u-over-slide-3\"><\/div>\n            <\/div>\n            <div class=\"u-effect-fade u-gallery-item\">\n              <div class=\"u-back-slide\" data-image-width=\"1367\" data-image-height=\"2228\">\n                <img decoding=\"async\" class=\"u-back-image u-expanded\" src=\"https:\/\/mistertwister.ca\/wp-content\/uploads\/2023\/02\/Strike-Force-Phenom-Worm.jpg\">\n              <\/div>\n              <div class=\"u-over-slide u-shading u-over-slide-4\"><\/div>\n            <\/div>\n          <\/div>\n        <\/div>\n      <\/div>\n    <\/section>\n    <section class=\"u-clearfix u-white u-section-6\" id=\"sec-13f3\">\n      <div class=\"u-clearfix u-sheet u-sheet-1\"><\/div>\n    <\/section>\n    \n    \n    \n    \n  \n<\/div><\/div>","protected":false},"excerpt":{"rendered":"<p>\u00c0 propos il y a un leurre Mister Twister pour toute esp\u00e8ce de poisson Mister Twister a r\u00e9volutionn\u00e9 le monde des leurres souples avec la cr\u00e9ation du \u00abCurly Tail\u00bb.&nbsp; Pratiquement tous les fabricants de leurres souples de la plan\u00e8te offrent leur version de ce concept.&nbsp; Depuis plus de 40 ans, ses mouvements naturels en ont [&hellip;]<\/p>\n","protected":false},"author":4,"featured_media":0,"parent":0,"menu_order":0,"comment_status":"closed","ping_status":"closed","template":"","meta":{"_acf_changed":false,"site-sidebar-layout":"default","site-content-layout":"page-builder","ast-site-content-layout":"default","site-content-style":"default","site-sidebar-style":"default","ast-global-header-display":"","ast-banner-title-visibility":"","ast-main-header-display":"","ast-hfb-above-header-display":"","ast-hfb-below-header-display":"","ast-hfb-mobile-header-display":"","site-post-title":"","ast-breadcrumbs-content":"","ast-featured-img":"","footer-sml-layout":"","ast-disable-related-posts":"","theme-transparent-header-meta":"default","adv-header-id-meta":"","stick-header-meta":"default","header-above-stick-meta":"","header-main-stick-meta":"","header-below-stick-meta":"","astra-migrate-meta-layouts":"default","ast-page-background-enabled":"default","ast-page-background-meta":{"desktop":{"background-color":"","background-image":"","background-repeat":"repeat","background-position":"center center","background-size":"auto","background-attachment":"scroll","background-type":"","background-media":"","overlay-type":"","overlay-color":"","overlay-opacity":"","overlay-gradient":""},"tablet":{"background-color":"","background-image":"","background-repeat":"repeat","background-position":"center center","background-size":"auto","background-attachment":"scroll","background-type":"","background-media":"","overlay-type":"","overlay-color":"","overlay-opacity":"","overlay-gradient":""},"mobile":{"background-color":"","background-image":"","background-repeat":"repeat","background-position":"center center","background-size":"auto","background-attachment":"scroll","background-type":"","background-media":"","overlay-type":"","overlay-color":"","overlay-opacity":"","overlay-gradient":""}},"ast-content-background-meta":{"desktop":{"background-color":"var(--ast-global-color-5)","background-image":"","background-repeat":"repeat","background-position":"center center","background-size":"auto","background-attachment":"scroll","background-type":"","background-media":"","overlay-type":"","overlay-color":"","overlay-opacity":"","overlay-gradient":""},"tablet":{"background-color":"var(--ast-global-color-5)","background-image":"","background-repeat":"repeat","background-position":"center center","background-size":"auto","background-attachment":"scroll","background-type":"","background-media":"","overlay-type":"","overlay-color":"","overlay-opacity":"","overlay-gradient":""},"mobile":{"background-color":"var(--ast-global-color-5)","background-image":"","background-repeat":"repeat","background-position":"center center","background-size":"auto","background-attachment":"scroll","background-type":"","background-media":"","overlay-type":"","overlay-color":"","overlay-opacity":"","overlay-gradient":""}},"footnotes":""},"class_list":["post-1351","page","type-page","status-publish","hentry"],"acf":[],"_links":{"self":[{"href":"https:\/\/mistertwister.ca\/fr\/wp-json\/wp\/v2\/pages\/1351","targetHints":{"allow":["GET"]}}],"collection":[{"href":"https:\/\/mistertwister.ca\/fr\/wp-json\/wp\/v2\/pages"}],"about":[{"href":"https:\/\/mistertwister.ca\/fr\/wp-json\/wp\/v2\/types\/page"}],"author":[{"embeddable":true,"href":"https:\/\/mistertwister.ca\/fr\/wp-json\/wp\/v2\/users\/4"}],"replies":[{"embeddable":true,"href":"https:\/\/mistertwister.ca\/fr\/wp-json\/wp\/v2\/comments?post=1351"}],"version-history":[{"count":5,"href":"https:\/\/mistertwister.ca\/fr\/wp-json\/wp\/v2\/pages\/1351\/revisions"}],"predecessor-version":[{"id":3157,"href":"https:\/\/mistertwister.ca\/fr\/wp-json\/wp\/v2\/pages\/1351\/revisions\/3157"}],"wp:attachment":[{"href":"https:\/\/mistertwister.ca\/fr\/wp-json\/wp\/v2\/media?parent=1351"}],"curies":[{"name":"wp","href":"https:\/\/api.w.org\/{rel}","templated":true}]}}